{"id":7,"date":"2023-04-24T16:32:22","date_gmt":"2023-04-24T14:32:22","guid":{"rendered":"http:\/\/osteoanimalier-lillion.com\/?page_id=7"},"modified":"2026-04-02T11:27:02","modified_gmt":"2026-04-02T09:27:02","slug":"osteopathe-animalier-geneve-osteopathe-animale-haute-savoie-osteopathe-chien-geneve-osteopathe-cheval-74-osteopathie-canine-osteopathie-cheval-osteopathie-chiot","status":"publish","type":"page","link":"https:\/\/osteoanimalier-lillion.com\/","title":{"rendered":"Ost\u00e9opathe animalier Gen\u00e8ve Haute-Savoie"},"content":{"rendered":"\n<p class=\"has-text-align-center\" style=\"font-size:17px\">Je suis ost\u00e9opathe animalier \u00e0 domicile sur le Grand Gen\u00e8ve, la Haute-Savoie et l&rsquo;Ain. J&rsquo;interviens aupr\u00e8s de toutes les esp\u00e8ces : cheval, chien, chat, chiot, lapin, NAC et bovins.<\/p>\n\n\n\n<div class=\"wp-block-columns are-vertically-aligned-bottom is-layout-flex wp-container-core-columns-is-layout-9d6595d7 wp-block-columns-is-layout-flex\">\n<div class=\"wp-block-column is-vertically-aligned-bottom is-layout-flow wp-block-column-is-layout-flow\">\n<figure class=\"wp-block-image size-large is-style-rounded\"><img loading=\"lazy\" decoding=\"async\" width=\"1024\" height=\"683\" src=\"https:\/\/osteoanimalier-lillion.com\/wp-content\/uploads\/2023\/04\/HORIZONTALE-1-1024x683.jpg\" alt=\"\" class=\"wp-image-70\" srcset=\"https:\/\/osteoanimalier-lillion.com\/wp-content\/uploads\/2023\/04\/HORIZONTALE-1-1024x683.jpg 1024w, https:\/\/osteoanimalier-lillion.com\/wp-content\/uploads\/2023\/04\/HORIZONTALE-1-300x200.jpg 300w, https:\/\/osteoanimalier-lillion.com\/wp-content\/uploads\/2023\/04\/HORIZONTALE-1-768x512.jpg 768w, https:\/\/osteoanimalier-lillion.com\/wp-content\/uploads\/2023\/04\/HORIZONTALE-1.jpg 1536w\" sizes=\"auto, (max-width: 1024px) 100vw, 1024px\" \/><\/figure>\n\n\n\n<p class=\"has-text-align-center has-black-color has-text-color has-medium-font-size\">Lillion Cartier<\/p>\n\n\n\n<p style=\"font-size:15px\">Ost\u00e9opathe animalier dipl\u00f4m\u00e9e et inscrite au Registre National d&rsquo;Aptitude (OA 1092).<\/p>\n\n\n\n<p style=\"font-size:15px\">J&rsquo;interviens aupr\u00e8s de tous les animaux : chevaux, chiens, chats, chiots, lapins, NAC et bovins.<br><\/p>\n\n\n\n<p><\/p>\n\n\n\n<div class=\"wp-block-buttons is-content-justification-center is-layout-flex wp-container-core-buttons-is-layout-e1485a7b wp-block-buttons-is-layout-flex\">\n<div class=\"wp-block-button\"><a class=\"wp-block-button__link has-text-align-center has-custom-font-size wp-element-button\" href=\"https:\/\/osteoanimalier-lillion.com\/index.php\/mon-parcours\/\" style=\"border-radius:17px;font-size:17px\">Plus d&rsquo;info<\/a><\/div>\n<\/div>\n<\/div>\n\n\n\n<div class=\"wp-block-column is-vertically-aligned-bottom is-layout-flow wp-block-column-is-layout-flow\">\n<figure class=\"wp-block-image size-large is-style-rounded\"><img loading=\"lazy\" decoding=\"async\" width=\"1024\" height=\"683\" src=\"https:\/\/osteoanimalier-lillion.com\/wp-content\/uploads\/2023\/04\/IMG_1699-1024x683.jpg\" alt=\"\" class=\"wp-image-67\" srcset=\"https:\/\/osteoanimalier-lillion.com\/wp-content\/uploads\/2023\/04\/IMG_1699-1024x683.jpg 1024w, https:\/\/osteoanimalier-lillion.com\/wp-content\/uploads\/2023\/04\/IMG_1699-300x200.jpg 300w, https:\/\/osteoanimalier-lillion.com\/wp-content\/uploads\/2023\/04\/IMG_1699-768x512.jpg 768w, https:\/\/osteoanimalier-lillion.com\/wp-content\/uploads\/2023\/04\/IMG_1699-1536x1024.jpg 1536w, https:\/\/osteoanimalier-lillion.com\/wp-content\/uploads\/2023\/04\/IMG_1699-2048x1365.jpg 2048w, https:\/\/osteoanimalier-lillion.com\/wp-content\/uploads\/2023\/04\/IMG_1699-2000x1333.jpg 2000w\" sizes=\"auto, (max-width: 1024px) 100vw, 1024px\" \/><\/figure>\n\n\n\n<p class=\"has-text-align-center has-black-color has-text-color has-medium-font-size\">Motifs<\/p>\n\n\n\n<p style=\"font-size:15px\">Mon approche est globale, douce et respectueuse de chaque animal \u2014 du chiot de quelques semaines au cheval de comp\u00e9tition.<br><\/p>\n\n\n\n<p style=\"font-size:15px\"><\/p>\n\n\n\n<div class=\"wp-block-buttons is-content-justification-center is-layout-flex wp-container-core-buttons-is-layout-e1485a7b wp-block-buttons-is-layout-flex\">\n<div class=\"wp-block-button\"><a class=\"wp-block-button__link has-text-align-center has-custom-font-size wp-element-button\" href=\"https:\/\/osteoanimalier-lillion.com\/index.php\/especes\/\" style=\"border-radius:17px;font-size:17px\">Plus d&rsquo;info<\/a><\/div>\n<\/div>\n<\/div>\n\n\n\n<div class=\"wp-block-column is-vertically-aligned-bottom is-layout-flow wp-block-column-is-layout-flow\">\n<figure class=\"wp-block-image size-large is-resized is-style-rounded\"><img loading=\"lazy\" decoding=\"async\" width=\"1024\" height=\"572\" src=\"https:\/\/osteoanimalier-lillion.com\/wp-content\/uploads\/2023\/04\/LAC-LEMAN-1024x572.png\" alt=\"Lac l\u00e9man zone de chalandise\" class=\"wp-image-113\" style=\"width:313px;height:174px\" srcset=\"https:\/\/osteoanimalier-lillion.com\/wp-content\/uploads\/2023\/04\/LAC-LEMAN-1024x572.png 1024w, https:\/\/osteoanimalier-lillion.com\/wp-content\/uploads\/2023\/04\/LAC-LEMAN-300x168.png 300w, https:\/\/osteoanimalier-lillion.com\/wp-content\/uploads\/2023\/04\/LAC-LEMAN-768x429.png 768w, https:\/\/osteoanimalier-lillion.com\/wp-content\/uploads\/2023\/04\/LAC-LEMAN.png 1181w\" sizes=\"auto, (max-width: 1024px) 100vw, 1024px\" \/><\/figure>\n\n\n\n<p class=\"has-text-align-center has-black-color has-text-color has-medium-font-size\">Localisation<\/p>\n\n\n\n<p class=\"has-black-color has-text-color\" style=\"font-size:15px\">Ma pratique couvre le Canton de Gen\u00e8ve, le Canton de Vaud, la Haute-Savoie (74) et l&rsquo;Ain (01). Je me d\u00e9place directement \u00e0 votre domicile, en \u00e9curie ou sur votre lieu de vie.<br><\/p>\n\n\n\n<p style=\"font-size:15px\">Au cabinet :<br><strong>7 Avenue de Chamonix 1207 Gen\u00e8ve<\/strong><\/p>\n\n\n\n<div class=\"wp-block-buttons is-content-justification-center is-layout-flex wp-container-core-buttons-is-layout-e1485a7b wp-block-buttons-is-layout-flex\">\n<div class=\"wp-block-button\"><a class=\"wp-block-button__link has-text-align-center has-custom-font-size wp-element-button\" href=\"https:\/\/osteoanimalier-lillion.com\/index.php\/localisation\/\" style=\"border-radius:17px;font-size:17px\">Plus d&rsquo;info<\/a><\/div>\n<\/div>\n<\/div>\n<\/div>\n\n\n\n<div class=\"wp-block-cover alignfull\"><span aria-hidden=\"true\" class=\"wp-block-cover__background has-background-dim-100 has-background-dim\" style=\"background-color:#22221f\"><\/span><div class=\"wp-block-cover__inner-container is-layout-flow wp-block-cover-is-layout-flow\">\n<h2 class=\"wp-block-heading has-text-align-center has-medium-font-size\">Quel est mon r\u00f4le d&rsquo;ost\u00e9opathe animalier ?<\/h2>\n\n\n\n<ul class=\"wp-block-list\">\n<li style=\"font-size:17px\">En tant qu&rsquo;ost\u00e9opathe animalier biom\u00e9caniste, mon r\u00f4le est d&rsquo;\u00e9valuer et de traiter les dysfonctions m\u00e9caniques de votre animal : tensions musculaires, blocages articulaires, restrictions de mobilit\u00e9. L&rsquo;objectif est de permettre au corps de retrouver son \u00e9quilibre naturel.<\/li>\n\n\n\n<li style=\"font-size:17px\">Je travaille en compl\u00e9mentarit\u00e9 avec les v\u00e9t\u00e9rinaires, mar\u00e9chaux-ferrants, dentistes \u00e9quins et \u00e9ducateurs canins. Si votre animal n\u00e9cessite une prise en charge qui d\u00e9passe mon champ de comp\u00e9tence, je vous oriente vers le bon professionnel.<\/li>\n<\/ul>\n\n\n\n<div class=\"wp-block-columns is-layout-flex wp-container-core-columns-is-layout-9d6595d7 wp-block-columns-is-layout-flex\">\n<div class=\"wp-block-column is-layout-flow wp-block-column-is-layout-flow\" style=\"flex-basis:33.33%\">\n<figure class=\"wp-block-image size-large is-resized\"><img loading=\"lazy\" decoding=\"async\" width=\"1024\" height=\"683\" src=\"https:\/\/osteoanimalier-lillion.com\/wp-content\/uploads\/2023\/04\/IMG_1685-1024x683.jpg\" alt=\"\" class=\"wp-image-155\" style=\"width:689px;height:460px\" srcset=\"https:\/\/osteoanimalier-lillion.com\/wp-content\/uploads\/2023\/04\/IMG_1685-1024x683.jpg 1024w, https:\/\/osteoanimalier-lillion.com\/wp-content\/uploads\/2023\/04\/IMG_1685-300x200.jpg 300w, https:\/\/osteoanimalier-lillion.com\/wp-content\/uploads\/2023\/04\/IMG_1685-768x512.jpg 768w, https:\/\/osteoanimalier-lillion.com\/wp-content\/uploads\/2023\/04\/IMG_1685-1536x1024.jpg 1536w, https:\/\/osteoanimalier-lillion.com\/wp-content\/uploads\/2023\/04\/IMG_1685-2048x1365.jpg 2048w, https:\/\/osteoanimalier-lillion.com\/wp-content\/uploads\/2023\/04\/IMG_1685-2000x1333.jpg 2000w\" sizes=\"auto, (max-width: 1024px) 100vw, 1024px\" \/><\/figure>\n<\/div>\n\n\n\n<div class=\"wp-block-column is-layout-flow wp-block-column-is-layout-flow\" style=\"flex-basis:66.66%\">\n<ul class=\"wp-block-list\">\n<li style=\"font-size:17px\">Ma prise en charge globale et compl\u00e8te de votre animal :\n<ul class=\"wp-block-list\">\n<li>Traiter l<strong>es blocages m\u00e9caniques<\/strong>&nbsp;<\/li>\n\n\n\n<li>Traiter les <strong>tensions <\/strong>ou <strong>contractures <\/strong>musculaires<\/li>\n\n\n\n<li>Am\u00e9liorer le <strong>bien-\u00eatre<\/strong> et l\u2019<strong>\u00e9quilibre global<\/strong><\/li>\n\n\n\n<li>Permettre \u00e0 l\u2019animal d\u2019atteindre les <strong>objectifs <\/strong>demand\u00e9s&nbsp;<\/li>\n<\/ul>\n<\/li>\n\n\n\n<li style=\"font-size:17px\">Vous conseiller sur <strong>l\u2019apr\u00e8s s\u00e9ance<\/strong> pour votre animal&nbsp;<\/li>\n\n\n\n<li style=\"font-size:17px\">Vous aider \u00e0 <strong>comprendre <\/strong>le milieu ext\u00e9rieur de votre animal et ses cons\u00e9quences&nbsp;<\/li>\n\n\n\n<li style=\"font-size:17px\">Etre <strong>disponible <\/strong>et <strong>\u00e9changer <\/strong>sur le suivi de votre animal \u00e0 posteriori<\/li>\n<\/ul>\n<\/div>\n<\/div>\n<\/div><\/div>\n\n\n\n<h2 class=\"wp-block-heading alignwide has-text-align-center\">Section g\u00e9ographique<\/h2>\n\n\n\n<h2 class=\"wp-block-heading\"><strong>O\u00f9 me consulter ?<\/strong><\/h2>\n\n\n\n<p>Je propose mes consultations d&rsquo;ost\u00e9opathie animale de trois fa\u00e7ons, selon ce qui vous convient le mieux :<\/p>\n\n\n\n<h3 class=\"wp-block-heading\"><strong>\u00c0 domicile<\/strong> <\/h3>\n\n\n\n<p>Je me d\u00e9place directement chez vous, en \u00e9curie ou sur votre lieu de vie. Canton de Gen\u00e8ve, Canton de Vaud, Haute-Savoie (74) et Ain (01). C&rsquo;est la formule id\u00e9ale pour les chevaux et pour les animaux qui voyagent difficilement.<\/p>\n\n\n\n<h3 class=\"wp-block-heading\"><strong>Au salon Rock My Dog \u00b7 Gen\u00e8ve<\/strong> <\/h3>\n\n\n\n<p>Je vous re\u00e7ois tous les mercredis et samedis au salon Rock My Dog \u2014 Avenue de Miremont 5, 1206 Gen\u00e8ve \u2014 sur rendez-vous uniquement. Un cadre d\u00e9di\u00e9 au bien-\u00eatre de votre chien, en plein c\u0153ur de Gen\u00e8ve.<\/p>\n\n\n\n<h3 class=\"wp-block-heading\"><strong>Au Lazy Store \u00b7 Allinges<\/strong> (Proche <strong>Thonon<\/strong>-les-Bains)<\/h3>\n\n\n\n<p>Je vous re\u00e7ois les mardis et jeudis de 10h \u00e0 18h au Lazy Store \u2014 boutique bien-\u00eatre et nutrition animale \u00e0 Allinges (Haute-Savoie) \u2014 sur rendez-vous uniquement. Point de consultation id\u00e9al pour les propri\u00e9taires du Chablais.<\/p>\n\n\n\n<p><\/p>\n\n\n\n<p>Je r\u00e9alise des consultations d&rsquo;ost\u00e9opathie animale \u00e0 domicile dans les zones suivantes :<\/p>\n\n\n\n<ul class=\"wp-block-list\">\n<li>Canton de Gen\u00e8ve et Canton de Vaud (Suisse)<\/li>\n\n\n\n<li>Haute-Savoie (74) : Thonon-les-Bains, Douvaine, Annemasse, Annecy, Reignier-\u00c9sery, Saint-Julien-en-Genevois, Bonneville<\/li>\n\n\n\n<li>Ain (01) : Ferney, Gex, Saint-Genis-Pouilly<\/li>\n<\/ul>\n\n\n\n<p><\/p>\n\n\n\n<div class=\"wp-block-cover alignfull\"><span aria-hidden=\"true\" class=\"wp-block-cover__background has-background-dim-100 has-background-dim\" style=\"background-color:#22221f\"><\/span><div class=\"wp-block-cover__inner-container is-layout-flow wp-block-cover-is-layout-flow\">\n<h1 class=\"wp-block-heading has-text-align-center has-medium-font-size\"><strong>Pour toutes questions n\u2019h\u00e9sitez pas \u00e0 me<\/strong> <\/h1>\n\n\n\n<div class=\"wp-block-buttons is-content-justification-center is-layout-flex wp-container-core-buttons-is-layout-16018d1d wp-block-buttons-is-layout-flex\">\n<div class=\"wp-block-button is-style-outline is-style-outline--1\"><a class=\"wp-block-button__link has-custom-font-size wp-element-button\" href=\"https:\/\/osteoanimalier-lillion.com\/index.php\/tarifs\/\" style=\"font-size:15px\">CONTACTER<\/a><\/div>\n<\/div>\n<\/div><\/div>\n","protected":false},"excerpt":{"rendered":"<p>Je suis ost\u00e9opathe animalier \u00e0 domicile sur le Grand Gen\u00e8ve, la Haute-Savoie et l&rsquo;Ain. J&rsquo;interviens aupr\u00e8s de toutes les esp\u00e8ces : cheval, chien, chat, chiot, lapin, NAC et bovins. Lillion Cartier Ost\u00e9opathe animalier dipl\u00f4m\u00e9e et inscrite au Registre National d&rsquo;Aptitude (OA 1092). J&rsquo;interviens aupr\u00e8s de tous les animaux : chevaux, chiens, chats, chiots, lapins, NAC &hellip; <\/p>\n<p class=\"link-more\"><a href=\"https:\/\/osteoanimalier-lillion.com\/\" class=\"more-link\">Lire la suite de<span class=\"screen-reader-text\">\u00ab\u00a0Ost\u00e9opathe animalier Gen\u00e8ve Haute-Savoie\u00a0\u00bb<\/span><\/a><\/p>\n","protected":false},"author":1,"featured_media":5,"parent":0,"menu_order":0,"comment_status":"closed","ping_status":"closed","template":"","meta":{"_uag_custom_page_level_css":"","footnotes":""},"class_list":["post-7","page","type-page","status-publish","has-post-thumbnail","hentry"],"yoast_head":"<!-- This site is optimized with the Yoast SEO plugin v27.1.1 - https:\/\/yoast.com\/product\/yoast-seo-wordpress\/ -->\n<title>Ost\u00e9opathe animalier Gen\u00e8ve Haute-Savoie - Lillion<\/title>\n<meta name=\"robots\" content=\"index, follow, max-snippet:-1, max-image-preview:large, max-video-preview:-1\" \/>\n<link rel=\"canonical\" href=\"https:\/\/osteoanimalier-lillion.com\/\" \/>\n<meta property=\"og:locale\" content=\"fr_FR\" \/>\n<meta property=\"og:type\" content=\"article\" \/>\n<meta property=\"og:title\" content=\"Ost\u00e9opathe animalier Gen\u00e8ve Haute-Savoie - Lillion\" \/>\n<meta property=\"og:description\" content=\"Je suis ost\u00e9opathe animalier \u00e0 domicile sur le Grand Gen\u00e8ve, la Haute-Savoie et l&rsquo;Ain. J&rsquo;interviens aupr\u00e8s de toutes les esp\u00e8ces : cheval, chien, chat, chiot, lapin, NAC et bovins. Lillion Cartier Ost\u00e9opathe animalier dipl\u00f4m\u00e9e et inscrite au Registre National d&rsquo;Aptitude (OA 1092). J&rsquo;interviens aupr\u00e8s de tous les animaux : chevaux, chiens, chats, chiots, lapins, NAC &hellip; Lire la suite de\u00ab\u00a0Ost\u00e9opathe animalier Gen\u00e8ve Haute-Savoie\u00a0\u00bb\" \/>\n<meta property=\"og:url\" content=\"https:\/\/osteoanimalier-lillion.com\/\" \/>\n<meta property=\"og:site_name\" content=\"Lillion\" \/>\n<meta property=\"article:publisher\" content=\"https:\/\/www.facebook.com\/profile.php?id=100092368998774\" \/>\n<meta property=\"article:modified_time\" content=\"2026-04-02T09:27:02+00:00\" \/>\n<meta property=\"og:image\" content=\"https:\/\/osteoanimalier-lillion.com\/wp-content\/uploads\/2023\/04\/StockSnap_M6D1GS9PSL.jpg\" \/>\n\t<meta property=\"og:image:width\" content=\"2000\" \/>\n\t<meta property=\"og:image:height\" content=\"1317\" \/>\n\t<meta property=\"og:image:type\" content=\"image\/jpeg\" \/>\n<meta name=\"twitter:card\" content=\"summary_large_image\" \/>\n<meta name=\"twitter:label1\" content=\"Dur\u00e9e de lecture estim\u00e9e\" \/>\n\t<meta name=\"twitter:data1\" content=\"4 minutes\" \/>\n<script type=\"application\/ld+json\" class=\"yoast-schema-graph\">{\"@context\":\"https:\/\/schema.org\",\"@graph\":[{\"@type\":\"WebPage\",\"@id\":\"https:\/\/osteoanimalier-lillion.com\/\",\"url\":\"https:\/\/osteoanimalier-lillion.com\/\",\"name\":\"Ost\u00e9opathe animalier Gen\u00e8ve Haute-Savoie - Lillion\",\"isPartOf\":{\"@id\":\"https:\/\/osteoanimalier-lillion.com\/#website\"},\"primaryImageOfPage\":{\"@id\":\"https:\/\/osteoanimalier-lillion.com\/#primaryimage\"},\"image\":{\"@id\":\"https:\/\/osteoanimalier-lillion.com\/#primaryimage\"},\"thumbnailUrl\":\"https:\/\/osteoanimalier-lillion.com\/wp-content\/uploads\/2023\/04\/StockSnap_M6D1GS9PSL.jpg\",\"datePublished\":\"2023-04-24T14:32:22+00:00\",\"dateModified\":\"2026-04-02T09:27:02+00:00\",\"breadcrumb\":{\"@id\":\"https:\/\/osteoanimalier-lillion.com\/#breadcrumb\"},\"inLanguage\":\"fr-FR\",\"potentialAction\":[{\"@type\":\"ReadAction\",\"target\":[\"https:\/\/osteoanimalier-lillion.com\/\"]}]},{\"@type\":\"ImageObject\",\"inLanguage\":\"fr-FR\",\"@id\":\"https:\/\/osteoanimalier-lillion.com\/#primaryimage\",\"url\":\"https:\/\/osteoanimalier-lillion.com\/wp-content\/uploads\/2023\/04\/StockSnap_M6D1GS9PSL.jpg\",\"contentUrl\":\"https:\/\/osteoanimalier-lillion.com\/wp-content\/uploads\/2023\/04\/StockSnap_M6D1GS9PSL.jpg\",\"width\":2000,\"height\":1317},{\"@type\":\"BreadcrumbList\",\"@id\":\"https:\/\/osteoanimalier-lillion.com\/#breadcrumb\",\"itemListElement\":[{\"@type\":\"ListItem\",\"position\":1,\"name\":\"Accueil\",\"item\":\"https:\/\/osteoanimalier-lillion.com\/\"},{\"@type\":\"ListItem\",\"position\":2,\"name\":\"Ost\u00e9opathe animalier Gen\u00e8ve Haute-Savoie\"}]},{\"@type\":\"WebSite\",\"@id\":\"https:\/\/osteoanimalier-lillion.com\/#website\",\"url\":\"https:\/\/osteoanimalier-lillion.com\/\",\"name\":\"Lillion Cartier \u00b7 Ost\u00e9opathe Animalier\",\"description\":\"Ost\u00e9opathe animalier\",\"publisher\":{\"@id\":\"https:\/\/osteoanimalier-lillion.com\/#\/schema\/person\/5b7e088e4f8ae05ecd1111439e240c3a\"},\"potentialAction\":[{\"@type\":\"SearchAction\",\"target\":{\"@type\":\"EntryPoint\",\"urlTemplate\":\"https:\/\/osteoanimalier-lillion.com\/?s={search_term_string}\"},\"query-input\":{\"@type\":\"PropertyValueSpecification\",\"valueRequired\":true,\"valueName\":\"search_term_string\"}}],\"inLanguage\":\"fr-FR\"},{\"@type\":[\"Person\",\"Organization\"],\"@id\":\"https:\/\/osteoanimalier-lillion.com\/#\/schema\/person\/5b7e088e4f8ae05ecd1111439e240c3a\",\"name\":\"admin9352\",\"image\":{\"@type\":\"ImageObject\",\"inLanguage\":\"fr-FR\",\"@id\":\"https:\/\/osteoanimalier-lillion.com\/#\/schema\/person\/image\/\",\"url\":\"https:\/\/osteoanimalier-lillion.com\/wp-content\/uploads\/2023\/04\/Extended-Cercle-Noir-Blanc.png\",\"contentUrl\":\"https:\/\/osteoanimalier-lillion.com\/wp-content\/uploads\/2023\/04\/Extended-Cercle-Noir-Blanc.png\",\"width\":601,\"height\":601,\"caption\":\"admin9352\"},\"logo\":{\"@id\":\"https:\/\/osteoanimalier-lillion.com\/#\/schema\/person\/image\/\"},\"description\":\"Lillion Cartier, ost\u00e9opathe animalier dipl\u00f4m\u00e9e de BIOPRAXIA Rennes, inscrite au Registre National d'Aptitude (OA 1092). J'interviens aupr\u00e8s de tous les animaux \u2014 cheval, chien, chat, chiot, lapin, NAC et bovins \u2014 \u00e0 domicile et en \u00e9curie dans le Canton de Gen\u00e8ve, le Canton de Vaud, la Haute-Savoie (74) et l'Ain (01). Mon approche est globale, douce et respectueuse de chaque animal.\",\"sameAs\":[\"http:\/\/osteoanimalier-lillion.com\",\"https:\/\/www.facebook.com\/profile.php?id=100092368998774\",\"https:\/\/www.instagram.com\/osteoanimalier_lillion\/\",\"https:\/\/www.linkedin.com\/in\/lillion-cartier-5ab088202\/\"]}]}<\/script>\n<!-- \/ Yoast SEO plugin. -->","yoast_head_json":{"title":"Ost\u00e9opathe animalier Gen\u00e8ve Haute-Savoie - Lillion","robots":{"index":"index","follow":"follow","max-snippet":"max-snippet:-1","max-image-preview":"max-image-preview:large","max-video-preview":"max-video-preview:-1"},"canonical":"https:\/\/osteoanimalier-lillion.com\/","og_locale":"fr_FR","og_type":"article","og_title":"Ost\u00e9opathe animalier Gen\u00e8ve Haute-Savoie - Lillion","og_description":"Je suis ost\u00e9opathe animalier \u00e0 domicile sur le Grand Gen\u00e8ve, la Haute-Savoie et l&rsquo;Ain. J&rsquo;interviens aupr\u00e8s de toutes les esp\u00e8ces : cheval, chien, chat, chiot, lapin, NAC et bovins. Lillion Cartier Ost\u00e9opathe animalier dipl\u00f4m\u00e9e et inscrite au Registre National d&rsquo;Aptitude (OA 1092). J&rsquo;interviens aupr\u00e8s de tous les animaux : chevaux, chiens, chats, chiots, lapins, NAC &hellip; Lire la suite de\u00ab\u00a0Ost\u00e9opathe animalier Gen\u00e8ve Haute-Savoie\u00a0\u00bb","og_url":"https:\/\/osteoanimalier-lillion.com\/","og_site_name":"Lillion","article_publisher":"https:\/\/www.facebook.com\/profile.php?id=100092368998774","article_modified_time":"2026-04-02T09:27:02+00:00","og_image":[{"width":2000,"height":1317,"url":"https:\/\/osteoanimalier-lillion.com\/wp-content\/uploads\/2023\/04\/StockSnap_M6D1GS9PSL.jpg","type":"image\/jpeg"}],"twitter_card":"summary_large_image","twitter_misc":{"Dur\u00e9e de lecture estim\u00e9e":"4 minutes"},"schema":{"@context":"https:\/\/schema.org","@graph":[{"@type":"WebPage","@id":"https:\/\/osteoanimalier-lillion.com\/","url":"https:\/\/osteoanimalier-lillion.com\/","name":"Ost\u00e9opathe animalier Gen\u00e8ve Haute-Savoie - Lillion","isPartOf":{"@id":"https:\/\/osteoanimalier-lillion.com\/#website"},"primaryImageOfPage":{"@id":"https:\/\/osteoanimalier-lillion.com\/#primaryimage"},"image":{"@id":"https:\/\/osteoanimalier-lillion.com\/#primaryimage"},"thumbnailUrl":"https:\/\/osteoanimalier-lillion.com\/wp-content\/uploads\/2023\/04\/StockSnap_M6D1GS9PSL.jpg","datePublished":"2023-04-24T14:32:22+00:00","dateModified":"2026-04-02T09:27:02+00:00","breadcrumb":{"@id":"https:\/\/osteoanimalier-lillion.com\/#breadcrumb"},"inLanguage":"fr-FR","potentialAction":[{"@type":"ReadAction","target":["https:\/\/osteoanimalier-lillion.com\/"]}]},{"@type":"ImageObject","inLanguage":"fr-FR","@id":"https:\/\/osteoanimalier-lillion.com\/#primaryimage","url":"https:\/\/osteoanimalier-lillion.com\/wp-content\/uploads\/2023\/04\/StockSnap_M6D1GS9PSL.jpg","contentUrl":"https:\/\/osteoanimalier-lillion.com\/wp-content\/uploads\/2023\/04\/StockSnap_M6D1GS9PSL.jpg","width":2000,"height":1317},{"@type":"BreadcrumbList","@id":"https:\/\/osteoanimalier-lillion.com\/#breadcrumb","itemListElement":[{"@type":"ListItem","position":1,"name":"Accueil","item":"https:\/\/osteoanimalier-lillion.com\/"},{"@type":"ListItem","position":2,"name":"Ost\u00e9opathe animalier Gen\u00e8ve Haute-Savoie"}]},{"@type":"WebSite","@id":"https:\/\/osteoanimalier-lillion.com\/#website","url":"https:\/\/osteoanimalier-lillion.com\/","name":"Lillion Cartier \u00b7 Ost\u00e9opathe Animalier","description":"Ost\u00e9opathe animalier","publisher":{"@id":"https:\/\/osteoanimalier-lillion.com\/#\/schema\/person\/5b7e088e4f8ae05ecd1111439e240c3a"},"potentialAction":[{"@type":"SearchAction","target":{"@type":"EntryPoint","urlTemplate":"https:\/\/osteoanimalier-lillion.com\/?s={search_term_string}"},"query-input":{"@type":"PropertyValueSpecification","valueRequired":true,"valueName":"search_term_string"}}],"inLanguage":"fr-FR"},{"@type":["Person","Organization"],"@id":"https:\/\/osteoanimalier-lillion.com\/#\/schema\/person\/5b7e088e4f8ae05ecd1111439e240c3a","name":"admin9352","image":{"@type":"ImageObject","inLanguage":"fr-FR","@id":"https:\/\/osteoanimalier-lillion.com\/#\/schema\/person\/image\/","url":"https:\/\/osteoanimalier-lillion.com\/wp-content\/uploads\/2023\/04\/Extended-Cercle-Noir-Blanc.png","contentUrl":"https:\/\/osteoanimalier-lillion.com\/wp-content\/uploads\/2023\/04\/Extended-Cercle-Noir-Blanc.png","width":601,"height":601,"caption":"admin9352"},"logo":{"@id":"https:\/\/osteoanimalier-lillion.com\/#\/schema\/person\/image\/"},"description":"Lillion Cartier, ost\u00e9opathe animalier dipl\u00f4m\u00e9e de BIOPRAXIA Rennes, inscrite au Registre National d'Aptitude (OA 1092). J'interviens aupr\u00e8s de tous les animaux \u2014 cheval, chien, chat, chiot, lapin, NAC et bovins \u2014 \u00e0 domicile et en \u00e9curie dans le Canton de Gen\u00e8ve, le Canton de Vaud, la Haute-Savoie (74) et l'Ain (01). Mon approche est globale, douce et respectueuse de chaque animal.","sameAs":["http:\/\/osteoanimalier-lillion.com","https:\/\/www.facebook.com\/profile.php?id=100092368998774","https:\/\/www.instagram.com\/osteoanimalier_lillion\/","https:\/\/www.linkedin.com\/in\/lillion-cartier-5ab088202\/"]}]}},"uagb_featured_image_src":{"full":["https:\/\/osteoanimalier-lillion.com\/wp-content\/uploads\/2023\/04\/StockSnap_M6D1GS9PSL.jpg",2000,1317,false],"thumbnail":["https:\/\/osteoanimalier-lillion.com\/wp-content\/uploads\/2023\/04\/StockSnap_M6D1GS9PSL-150x150.jpg",150,150,true],"medium":["https:\/\/osteoanimalier-lillion.com\/wp-content\/uploads\/2023\/04\/StockSnap_M6D1GS9PSL-300x198.jpg",300,198,true],"medium_large":["https:\/\/osteoanimalier-lillion.com\/wp-content\/uploads\/2023\/04\/StockSnap_M6D1GS9PSL-768x506.jpg",768,506,true],"large":["https:\/\/osteoanimalier-lillion.com\/wp-content\/uploads\/2023\/04\/StockSnap_M6D1GS9PSL-1024x674.jpg",950,625,true],"1536x1536":["https:\/\/osteoanimalier-lillion.com\/wp-content\/uploads\/2023\/04\/StockSnap_M6D1GS9PSL-1536x1011.jpg",1536,1011,true],"2048x2048":["https:\/\/osteoanimalier-lillion.com\/wp-content\/uploads\/2023\/04\/StockSnap_M6D1GS9PSL.jpg",2000,1317,false],"inspiro-featured-image":["https:\/\/osteoanimalier-lillion.com\/wp-content\/uploads\/2023\/04\/StockSnap_M6D1GS9PSL.jpg",2000,1317,false],"inspiro-loop":["https:\/\/osteoanimalier-lillion.com\/wp-content\/uploads\/2023\/04\/StockSnap_M6D1GS9PSL-950x320.jpg",950,320,true],"inspiro-loop@2x":["https:\/\/osteoanimalier-lillion.com\/wp-content\/uploads\/2023\/04\/StockSnap_M6D1GS9PSL-1900x640.jpg",1900,640,true]},"uagb_author_info":{"display_name":"admin9352","author_link":"https:\/\/osteoanimalier-lillion.com\/index.php\/author\/admin9352\/"},"uagb_comment_info":0,"uagb_excerpt":"Je suis ost\u00e9opathe animalier \u00e0 domicile sur le Grand Gen\u00e8ve, la Haute-Savoie et l&rsquo;Ain. J&rsquo;interviens aupr\u00e8s de toutes les esp\u00e8ces : cheval, chien, chat, chiot, lapin, NAC et bovins. Lillion Cartier Ost\u00e9opathe animalier dipl\u00f4m\u00e9e et inscrite au Registre National d&rsquo;Aptitude (OA 1092). J&rsquo;interviens aupr\u00e8s de tous les animaux : chevaux, chiens, chats, chiots, lapins, NAC\u2026","_links":{"self":[{"href":"https:\/\/osteoanimalier-lillion.com\/index.php\/wp-json\/wp\/v2\/pages\/7","targetHints":{"allow":["GET"]}}],"collection":[{"href":"https:\/\/osteoanimalier-lillion.com\/index.php\/wp-json\/wp\/v2\/pages"}],"about":[{"href":"https:\/\/osteoanimalier-lillion.com\/index.php\/wp-json\/wp\/v2\/types\/page"}],"author":[{"embeddable":true,"href":"https:\/\/osteoanimalier-lillion.com\/index.php\/wp-json\/wp\/v2\/users\/1"}],"replies":[{"embeddable":true,"href":"https:\/\/osteoanimalier-lillion.com\/index.php\/wp-json\/wp\/v2\/comments?post=7"}],"version-history":[{"count":53,"href":"https:\/\/osteoanimalier-lillion.com\/index.php\/wp-json\/wp\/v2\/pages\/7\/revisions"}],"predecessor-version":[{"id":683,"href":"https:\/\/osteoanimalier-lillion.com\/index.php\/wp-json\/wp\/v2\/pages\/7\/revisions\/683"}],"wp:featuredmedia":[{"embeddable":true,"href":"https:\/\/osteoanimalier-lillion.com\/index.php\/wp-json\/wp\/v2\/media\/5"}],"wp:attachment":[{"href":"https:\/\/osteoanimalier-lillion.com\/index.php\/wp-json\/wp\/v2\/media?parent=7"}],"curies":[{"name":"wp","href":"https:\/\/api.w.org\/{rel}","templated":true}]}}