{"id":372,"date":"2023-05-02T11:11:32","date_gmt":"2023-05-02T09:11:32","guid":{"rendered":"http:\/\/osteoanimalier-lillion.com\/?page_id=372"},"modified":"2026-04-13T22:41:50","modified_gmt":"2026-04-13T20:41:50","slug":"nac-nouveau-animaux-de-compagnie","status":"publish","type":"page","link":"https:\/\/osteoanimalier-lillion.com\/nac-nouveau-animaux-de-compagnie\/","title":{"rendered":"Ost\u00e9opathie pour lapins, rongeurs et NAC \u00b7 Grand Gen\u00e8ve et Haute-Savoie"},"content":{"rendered":"\n<p>Les nouveaux animaux de compagnie \u2014 lapins, cobayes, furets, chinchillas, rats \u2014 m\u00e9ritent eux aussi des soins ost\u00e9opathiques adapt\u00e9s. Petits mais sensibles, ils compensent souvent leurs douleurs sans que leurs propri\u00e9taires s&rsquo;en rendent compte.<\/p>\n\n\n\n<p>Dipl\u00f4m\u00e9e de BIOPRAXIA Rennes et inscrite au Registre National d&rsquo;Aptitude (OA 1092), j&rsquo;interviens \u00e0 domicile pour vos NAC sur tout le Grand Gen\u00e8ve et la Haute-Savoie.<\/p>\n\n\n\n<h2 class=\"wp-block-heading has-text-align-center\">Quand consulter pour votre mon lapin ?<\/h2>\n\n\n\n<p class=\"has-text-align-right has-small-font-size\"><em>Liste non exhaustive<\/em><\/p>\n\n\n\n<div class=\"wp-block-columns alignwide are-vertically-aligned-center is-layout-flex wp-container-core-columns-is-layout-9d6595d7 wp-block-columns-is-layout-flex\">\n<div class=\"wp-block-column is-vertically-aligned-center is-layout-flow wp-block-column-is-layout-flow\" style=\"flex-basis:33.33%\">\n<figure class=\"wp-block-image size-large is-resized\"><img loading=\"lazy\" decoding=\"async\" width=\"683\" height=\"1024\" src=\"https:\/\/osteoanimalier-lillion.com\/wp-content\/uploads\/2023\/04\/rabbit-2070636_1920-683x1024.jpg\" alt=\"\" class=\"wp-image-206\" style=\"width:332px;height:498px\" srcset=\"https:\/\/osteoanimalier-lillion.com\/wp-content\/uploads\/2023\/04\/rabbit-2070636_1920-683x1024.jpg 683w, https:\/\/osteoanimalier-lillion.com\/wp-content\/uploads\/2023\/04\/rabbit-2070636_1920-200x300.jpg 200w, https:\/\/osteoanimalier-lillion.com\/wp-content\/uploads\/2023\/04\/rabbit-2070636_1920-768x1152.jpg 768w, https:\/\/osteoanimalier-lillion.com\/wp-content\/uploads\/2023\/04\/rabbit-2070636_1920-1024x1536.jpg 1024w, https:\/\/osteoanimalier-lillion.com\/wp-content\/uploads\/2023\/04\/rabbit-2070636_1920.jpg 1280w\" sizes=\"auto, (max-width: 683px) 100vw, 683px\" \/><\/figure>\n<\/div>\n\n\n\n<div class=\"wp-block-column is-vertically-aligned-center is-layout-flow wp-block-column-is-layout-flow\" style=\"flex-basis:66.66%\">\n<ul class=\"wp-block-list\">\n<li>Perte d&rsquo;app\u00e9tit ou changement de comportement <\/li>\n\n\n\n<li>Difficult\u00e9s de mobilit\u00e9 ou posture anormale <\/li>\n\n\n\n<li>Suite \u00e0 une chute ou un traumatisme <\/li>\n\n\n\n<li>Bilan de bien-\u00eatre pr\u00e9ventif <\/li>\n\n\n\n<li>Suivi post-op\u00e9ratoire<\/li>\n<\/ul>\n<\/div>\n<\/div>\n\n\n\n<h2 class=\"wp-block-heading\"><strong>Esp\u00e8ces prises en charge<\/strong><\/h2>\n\n\n\n<ul class=\"wp-block-list\">\n<li>Lapin<\/li>\n\n\n\n<li>Cobaye \/ cochon d&rsquo;inde<\/li>\n\n\n\n<li>Furet<\/li>\n\n\n\n<li>Chinchilla<\/li>\n\n\n\n<li>Rat, souris<\/li>\n\n\n\n<li>Reptiles et oiseaux \u2014 me contacter pour renseignements<\/li>\n<\/ul>\n\n\n\n<h2 class=\"wp-block-heading\"><strong>Prise de rendez-vous<\/strong><\/h2>\n\n\n\n<p>SMS ou WhatsApp uniquement \u2014 je r\u00e9ponds sous 24h. \ud83d\udcf2 Suisse : <a href=\"https:\/\/wa.me\/41767355044\">+41 76 735 50 44<\/a> \ud83d\udcf2 France : <a href=\"https:\/\/wa.me\/33646792997\">+33 6 46 79 29 97<\/a><\/p>\n\n\n\n<h2 class=\"wp-block-heading has-text-align-center\" style=\"font-size:17px\"><strong>Pour plus d&rsquo;informations sur les diff\u00e9rentes esp\u00e8ces : <\/strong><\/h2>\n\n\n\n<div class=\"wp-block-buttons is-content-justification-center is-layout-flex wp-container-core-buttons-is-layout-16018d1d wp-block-buttons-is-layout-flex\">\n<div class=\"wp-block-button is-style-outline is-style-outline--1\"><a class=\"wp-block-button__link has-text-align-center has-custom-font-size wp-element-button\" href=\"https:\/\/osteoanimalier-lillion.com\/index.php\/especes\/cheval\/\" style=\"font-size:17px\">Cheval <\/a><\/div>\n\n\n\n<div class=\"wp-block-button is-style-outline is-style-outline--2\"><a class=\"wp-block-button__link has-text-align-center has-custom-font-size wp-element-button\" href=\"https:\/\/osteoanimalier-lillion.com\/index.php\/chien\/\" style=\"font-size:17px\">Chien <\/a><\/div>\n\n\n\n<div class=\"wp-block-button is-style-outline is-style-outline--3\"><a class=\"wp-block-button__link has-text-align-center has-custom-font-size wp-element-button\" href=\"https:\/\/osteoanimalier-lillion.com\/index.php\/bovin\/\" style=\"font-size:17px\">Vache<\/a><\/div>\n\n\n\n<div class=\"wp-block-button is-style-outline is-style-outline--4\"><a class=\"wp-block-button__link has-text-align-center has-custom-font-size wp-element-button\" href=\"https:\/\/osteoanimalier-lillion.com\/index.php\/chat\/\" style=\"font-size:17px\">Chat<\/a><\/div>\n\n\n\n<div class=\"wp-block-button is-style-outline is-style-outline--5\"><a class=\"wp-block-button__link has-text-align-center has-custom-font-size wp-element-button\" href=\"https:\/\/osteoanimalier-lillion.com\/index.php\/nac-nouveau-animaux-de-compagnie\/\" style=\"font-size:17px\">NAC<\/a><\/div>\n<\/div>\n\n\n\n<div style=\"height:100px\" aria-hidden=\"true\" class=\"wp-block-spacer\"><\/div>\n\n\n\n<div class=\"wp-block-cover alignfull\"><span aria-hidden=\"true\" class=\"wp-block-cover__background has-background-dim-100 has-background-dim\" style=\"background-color:#22221f\"><\/span><div class=\"wp-block-cover__inner-container is-layout-flow wp-block-cover-is-layout-flow\">\n<h1 class=\"wp-block-heading has-text-align-center has-medium-font-size\"><strong>Pour toutes questions n\u2019h\u00e9sitez pas \u00e0 me<\/strong> <\/h1>\n\n\n\n<div class=\"wp-block-buttons is-content-justification-center is-layout-flex wp-container-core-buttons-is-layout-16018d1d wp-block-buttons-is-layout-flex\">\n<div class=\"wp-block-button is-style-outline is-style-outline--6\"><a class=\"wp-block-button__link has-custom-font-size wp-element-button\" href=\"https:\/\/osteoanimalier-lillion.com\/index.php\/tarifs\/\" style=\"font-size:15px\">CONTACTER<\/a><\/div>\n<\/div>\n<\/div><\/div>\n","protected":false},"excerpt":{"rendered":"<p>Les nouveaux animaux de compagnie \u2014 lapins, cobayes, furets, chinchillas, rats \u2014 m\u00e9ritent eux aussi des soins ost\u00e9opathiques adapt\u00e9s. Petits mais sensibles, ils compensent souvent leurs douleurs sans que leurs propri\u00e9taires s&rsquo;en rendent compte. Dipl\u00f4m\u00e9e de BIOPRAXIA Rennes et inscrite au Registre National d&rsquo;Aptitude (OA 1092), j&rsquo;interviens \u00e0 domicile pour vos NAC sur tout le &hellip; <\/p>\n<p class=\"link-more\"><a href=\"https:\/\/osteoanimalier-lillion.com\/nac-nouveau-animaux-de-compagnie\/\" class=\"more-link\">Lire la suite de<span class=\"screen-reader-text\">\u00ab\u00a0Ost\u00e9opathie pour lapins, rongeurs et NAC \u00b7 Grand Gen\u00e8ve et Haute-Savoie\u00a0\u00bb<\/span><\/a><\/p>\n","protected":false},"author":1,"featured_media":0,"parent":0,"menu_order":0,"comment_status":"closed","ping_status":"closed","template":"","meta":{"_uag_custom_page_level_css":"","footnotes":""},"class_list":["post-372","page","type-page","status-publish","hentry"],"yoast_head":"<!-- This site is optimized with the Yoast SEO plugin v27.1.1 - https:\/\/yoast.com\/product\/yoast-seo-wordpress\/ -->\n<title>Ost\u00e9opathie NAC \u00b7 Lapin \u00b7 Rongeur \u00b7 Grand Gen\u00e8ve \u00b7 Lillion Cartier - Lillion<\/title>\n<meta name=\"description\" content=\"Ost\u00e9opathie pour lapins, rongeurs et NAC \u00e0 domicile sur le Grand Gen\u00e8ve et Haute-Savoie. Prise en charge douce et adapt\u00e9e. Dipl\u00f4m\u00e9e BIOPRAXIA OA 1092.\" \/>\n<meta name=\"robots\" content=\"index, follow, max-snippet:-1, max-image-preview:large, max-video-preview:-1\" \/>\n<link rel=\"canonical\" href=\"https:\/\/osteoanimalier-lillion.com\/nac-nouveau-animaux-de-compagnie\/\" \/>\n<meta property=\"og:locale\" content=\"fr_FR\" \/>\n<meta property=\"og:type\" content=\"article\" \/>\n<meta property=\"og:title\" content=\"Ost\u00e9opathie NAC \u00b7 Lapin \u00b7 Rongeur \u00b7 Grand Gen\u00e8ve \u00b7 Lillion Cartier - Lillion\" \/>\n<meta property=\"og:description\" content=\"Ost\u00e9opathie pour lapins, rongeurs et NAC \u00e0 domicile sur le Grand Gen\u00e8ve et Haute-Savoie. Prise en charge douce et adapt\u00e9e. Dipl\u00f4m\u00e9e BIOPRAXIA OA 1092.\" \/>\n<meta property=\"og:url\" content=\"https:\/\/osteoanimalier-lillion.com\/nac-nouveau-animaux-de-compagnie\/\" \/>\n<meta property=\"og:site_name\" content=\"Lillion\" \/>\n<meta property=\"article:publisher\" content=\"https:\/\/www.facebook.com\/profile.php?id=100092368998774\" \/>\n<meta property=\"article:modified_time\" content=\"2026-04-13T20:41:50+00:00\" \/>\n<meta property=\"og:image\" content=\"http:\/\/osteoanimalier-lillion.com\/wp-content\/uploads\/2023\/04\/rabbit-2070636_1920-683x1024.jpg\" \/>\n<meta name=\"twitter:card\" content=\"summary_large_image\" \/>\n<meta name=\"twitter:label1\" content=\"Dur\u00e9e de lecture estim\u00e9e\" \/>\n\t<meta name=\"twitter:data1\" content=\"2 minutes\" \/>\n<script type=\"application\/ld+json\" class=\"yoast-schema-graph\">{\"@context\":\"https:\/\/schema.org\",\"@graph\":[{\"@type\":\"WebPage\",\"@id\":\"https:\/\/osteoanimalier-lillion.com\/nac-nouveau-animaux-de-compagnie\/\",\"url\":\"https:\/\/osteoanimalier-lillion.com\/nac-nouveau-animaux-de-compagnie\/\",\"name\":\"Ost\u00e9opathie NAC \u00b7 Lapin \u00b7 Rongeur \u00b7 Grand Gen\u00e8ve \u00b7 Lillion Cartier - Lillion\",\"isPartOf\":{\"@id\":\"https:\/\/osteoanimalier-lillion.com\/#website\"},\"primaryImageOfPage\":{\"@id\":\"https:\/\/osteoanimalier-lillion.com\/nac-nouveau-animaux-de-compagnie\/#primaryimage\"},\"image\":{\"@id\":\"https:\/\/osteoanimalier-lillion.com\/nac-nouveau-animaux-de-compagnie\/#primaryimage\"},\"thumbnailUrl\":\"http:\/\/osteoanimalier-lillion.com\/wp-content\/uploads\/2023\/04\/rabbit-2070636_1920-683x1024.jpg\",\"datePublished\":\"2023-05-02T09:11:32+00:00\",\"dateModified\":\"2026-04-13T20:41:50+00:00\",\"description\":\"Ost\u00e9opathie pour lapins, rongeurs et NAC \u00e0 domicile sur le Grand Gen\u00e8ve et Haute-Savoie. Prise en charge douce et adapt\u00e9e. Dipl\u00f4m\u00e9e BIOPRAXIA OA 1092.\",\"breadcrumb\":{\"@id\":\"https:\/\/osteoanimalier-lillion.com\/nac-nouveau-animaux-de-compagnie\/#breadcrumb\"},\"inLanguage\":\"fr-FR\",\"potentialAction\":[{\"@type\":\"ReadAction\",\"target\":[\"https:\/\/osteoanimalier-lillion.com\/nac-nouveau-animaux-de-compagnie\/\"]}]},{\"@type\":\"ImageObject\",\"inLanguage\":\"fr-FR\",\"@id\":\"https:\/\/osteoanimalier-lillion.com\/nac-nouveau-animaux-de-compagnie\/#primaryimage\",\"url\":\"http:\/\/osteoanimalier-lillion.com\/wp-content\/uploads\/2023\/04\/rabbit-2070636_1920-683x1024.jpg\",\"contentUrl\":\"http:\/\/osteoanimalier-lillion.com\/wp-content\/uploads\/2023\/04\/rabbit-2070636_1920-683x1024.jpg\"},{\"@type\":\"BreadcrumbList\",\"@id\":\"https:\/\/osteoanimalier-lillion.com\/nac-nouveau-animaux-de-compagnie\/#breadcrumb\",\"itemListElement\":[{\"@type\":\"ListItem\",\"position\":1,\"name\":\"Accueil\",\"item\":\"https:\/\/osteoanimalier-lillion.com\/\"},{\"@type\":\"ListItem\",\"position\":2,\"name\":\"Ost\u00e9opathie pour lapins, rongeurs et NAC \u00b7 Grand Gen\u00e8ve et Haute-Savoie\"}]},{\"@type\":\"WebSite\",\"@id\":\"https:\/\/osteoanimalier-lillion.com\/#website\",\"url\":\"https:\/\/osteoanimalier-lillion.com\/\",\"name\":\"Lillion Cartier \u00b7 Ost\u00e9opathe Animalier\",\"description\":\"Ost\u00e9opathe animalier\",\"publisher\":{\"@id\":\"https:\/\/osteoanimalier-lillion.com\/#\/schema\/person\/5b7e088e4f8ae05ecd1111439e240c3a\"},\"potentialAction\":[{\"@type\":\"SearchAction\",\"target\":{\"@type\":\"EntryPoint\",\"urlTemplate\":\"https:\/\/osteoanimalier-lillion.com\/?s={search_term_string}\"},\"query-input\":{\"@type\":\"PropertyValueSpecification\",\"valueRequired\":true,\"valueName\":\"search_term_string\"}}],\"inLanguage\":\"fr-FR\"},{\"@type\":[\"Person\",\"Organization\"],\"@id\":\"https:\/\/osteoanimalier-lillion.com\/#\/schema\/person\/5b7e088e4f8ae05ecd1111439e240c3a\",\"name\":\"admin9352\",\"image\":{\"@type\":\"ImageObject\",\"inLanguage\":\"fr-FR\",\"@id\":\"https:\/\/osteoanimalier-lillion.com\/#\/schema\/person\/image\/\",\"url\":\"https:\/\/osteoanimalier-lillion.com\/wp-content\/uploads\/2023\/04\/Extended-Cercle-Noir-Blanc.png\",\"contentUrl\":\"https:\/\/osteoanimalier-lillion.com\/wp-content\/uploads\/2023\/04\/Extended-Cercle-Noir-Blanc.png\",\"width\":601,\"height\":601,\"caption\":\"admin9352\"},\"logo\":{\"@id\":\"https:\/\/osteoanimalier-lillion.com\/#\/schema\/person\/image\/\"},\"description\":\"Lillion Cartier, ost\u00e9opathe animalier dipl\u00f4m\u00e9e de BIOPRAXIA Rennes, inscrite au Registre National d'Aptitude (OA 1092). J'interviens aupr\u00e8s de tous les animaux \u2014 cheval, chien, chat, chiot, lapin, NAC et bovins \u2014 \u00e0 domicile et en \u00e9curie dans le Canton de Gen\u00e8ve, le Canton de Vaud, la Haute-Savoie (74) et l'Ain (01). Mon approche est globale, douce et respectueuse de chaque animal.\",\"sameAs\":[\"http:\/\/osteoanimalier-lillion.com\",\"https:\/\/www.facebook.com\/profile.php?id=100092368998774\",\"https:\/\/www.instagram.com\/osteoanimalier_lillion\/\",\"https:\/\/www.linkedin.com\/in\/lillion-cartier-5ab088202\/\"]}]}<\/script>\n<!-- \/ Yoast SEO plugin. -->","yoast_head_json":{"title":"Ost\u00e9opathie NAC \u00b7 Lapin \u00b7 Rongeur \u00b7 Grand Gen\u00e8ve \u00b7 Lillion Cartier - Lillion","description":"Ost\u00e9opathie pour lapins, rongeurs et NAC \u00e0 domicile sur le Grand Gen\u00e8ve et Haute-Savoie. Prise en charge douce et adapt\u00e9e. Dipl\u00f4m\u00e9e BIOPRAXIA OA 1092.","robots":{"index":"index","follow":"follow","max-snippet":"max-snippet:-1","max-image-preview":"max-image-preview:large","max-video-preview":"max-video-preview:-1"},"canonical":"https:\/\/osteoanimalier-lillion.com\/nac-nouveau-animaux-de-compagnie\/","og_locale":"fr_FR","og_type":"article","og_title":"Ost\u00e9opathie NAC \u00b7 Lapin \u00b7 Rongeur \u00b7 Grand Gen\u00e8ve \u00b7 Lillion Cartier - Lillion","og_description":"Ost\u00e9opathie pour lapins, rongeurs et NAC \u00e0 domicile sur le Grand Gen\u00e8ve et Haute-Savoie. Prise en charge douce et adapt\u00e9e. Dipl\u00f4m\u00e9e BIOPRAXIA OA 1092.","og_url":"https:\/\/osteoanimalier-lillion.com\/nac-nouveau-animaux-de-compagnie\/","og_site_name":"Lillion","article_publisher":"https:\/\/www.facebook.com\/profile.php?id=100092368998774","article_modified_time":"2026-04-13T20:41:50+00:00","og_image":[{"url":"http:\/\/osteoanimalier-lillion.com\/wp-content\/uploads\/2023\/04\/rabbit-2070636_1920-683x1024.jpg","type":"","width":"","height":""}],"twitter_card":"summary_large_image","twitter_misc":{"Dur\u00e9e de lecture estim\u00e9e":"2 minutes"},"schema":{"@context":"https:\/\/schema.org","@graph":[{"@type":"WebPage","@id":"https:\/\/osteoanimalier-lillion.com\/nac-nouveau-animaux-de-compagnie\/","url":"https:\/\/osteoanimalier-lillion.com\/nac-nouveau-animaux-de-compagnie\/","name":"Ost\u00e9opathie NAC \u00b7 Lapin \u00b7 Rongeur \u00b7 Grand Gen\u00e8ve \u00b7 Lillion Cartier - Lillion","isPartOf":{"@id":"https:\/\/osteoanimalier-lillion.com\/#website"},"primaryImageOfPage":{"@id":"https:\/\/osteoanimalier-lillion.com\/nac-nouveau-animaux-de-compagnie\/#primaryimage"},"image":{"@id":"https:\/\/osteoanimalier-lillion.com\/nac-nouveau-animaux-de-compagnie\/#primaryimage"},"thumbnailUrl":"http:\/\/osteoanimalier-lillion.com\/wp-content\/uploads\/2023\/04\/rabbit-2070636_1920-683x1024.jpg","datePublished":"2023-05-02T09:11:32+00:00","dateModified":"2026-04-13T20:41:50+00:00","description":"Ost\u00e9opathie pour lapins, rongeurs et NAC \u00e0 domicile sur le Grand Gen\u00e8ve et Haute-Savoie. Prise en charge douce et adapt\u00e9e. Dipl\u00f4m\u00e9e BIOPRAXIA OA 1092.","breadcrumb":{"@id":"https:\/\/osteoanimalier-lillion.com\/nac-nouveau-animaux-de-compagnie\/#breadcrumb"},"inLanguage":"fr-FR","potentialAction":[{"@type":"ReadAction","target":["https:\/\/osteoanimalier-lillion.com\/nac-nouveau-animaux-de-compagnie\/"]}]},{"@type":"ImageObject","inLanguage":"fr-FR","@id":"https:\/\/osteoanimalier-lillion.com\/nac-nouveau-animaux-de-compagnie\/#primaryimage","url":"http:\/\/osteoanimalier-lillion.com\/wp-content\/uploads\/2023\/04\/rabbit-2070636_1920-683x1024.jpg","contentUrl":"http:\/\/osteoanimalier-lillion.com\/wp-content\/uploads\/2023\/04\/rabbit-2070636_1920-683x1024.jpg"},{"@type":"BreadcrumbList","@id":"https:\/\/osteoanimalier-lillion.com\/nac-nouveau-animaux-de-compagnie\/#breadcrumb","itemListElement":[{"@type":"ListItem","position":1,"name":"Accueil","item":"https:\/\/osteoanimalier-lillion.com\/"},{"@type":"ListItem","position":2,"name":"Ost\u00e9opathie pour lapins, rongeurs et NAC \u00b7 Grand Gen\u00e8ve et Haute-Savoie"}]},{"@type":"WebSite","@id":"https:\/\/osteoanimalier-lillion.com\/#website","url":"https:\/\/osteoanimalier-lillion.com\/","name":"Lillion Cartier \u00b7 Ost\u00e9opathe Animalier","description":"Ost\u00e9opathe animalier","publisher":{"@id":"https:\/\/osteoanimalier-lillion.com\/#\/schema\/person\/5b7e088e4f8ae05ecd1111439e240c3a"},"potentialAction":[{"@type":"SearchAction","target":{"@type":"EntryPoint","urlTemplate":"https:\/\/osteoanimalier-lillion.com\/?s={search_term_string}"},"query-input":{"@type":"PropertyValueSpecification","valueRequired":true,"valueName":"search_term_string"}}],"inLanguage":"fr-FR"},{"@type":["Person","Organization"],"@id":"https:\/\/osteoanimalier-lillion.com\/#\/schema\/person\/5b7e088e4f8ae05ecd1111439e240c3a","name":"admin9352","image":{"@type":"ImageObject","inLanguage":"fr-FR","@id":"https:\/\/osteoanimalier-lillion.com\/#\/schema\/person\/image\/","url":"https:\/\/osteoanimalier-lillion.com\/wp-content\/uploads\/2023\/04\/Extended-Cercle-Noir-Blanc.png","contentUrl":"https:\/\/osteoanimalier-lillion.com\/wp-content\/uploads\/2023\/04\/Extended-Cercle-Noir-Blanc.png","width":601,"height":601,"caption":"admin9352"},"logo":{"@id":"https:\/\/osteoanimalier-lillion.com\/#\/schema\/person\/image\/"},"description":"Lillion Cartier, ost\u00e9opathe animalier dipl\u00f4m\u00e9e de BIOPRAXIA Rennes, inscrite au Registre National d'Aptitude (OA 1092). J'interviens aupr\u00e8s de tous les animaux \u2014 cheval, chien, chat, chiot, lapin, NAC et bovins \u2014 \u00e0 domicile et en \u00e9curie dans le Canton de Gen\u00e8ve, le Canton de Vaud, la Haute-Savoie (74) et l'Ain (01). Mon approche est globale, douce et respectueuse de chaque animal.","sameAs":["http:\/\/osteoanimalier-lillion.com","https:\/\/www.facebook.com\/profile.php?id=100092368998774","https:\/\/www.instagram.com\/osteoanimalier_lillion\/","https:\/\/www.linkedin.com\/in\/lillion-cartier-5ab088202\/"]}]}},"uagb_featured_image_src":{"full":false,"thumbnail":false,"medium":false,"medium_large":false,"large":false,"1536x1536":false,"2048x2048":false,"inspiro-featured-image":false,"inspiro-loop":false,"inspiro-loop@2x":false},"uagb_author_info":{"display_name":"admin9352","author_link":"https:\/\/osteoanimalier-lillion.com\/author\/admin9352\/"},"uagb_comment_info":0,"uagb_excerpt":"Les nouveaux animaux de compagnie \u2014 lapins, cobayes, furets, chinchillas, rats \u2014 m\u00e9ritent eux aussi des soins ost\u00e9opathiques adapt\u00e9s. Petits mais sensibles, ils compensent souvent leurs douleurs sans que leurs propri\u00e9taires s&rsquo;en rendent compte. Dipl\u00f4m\u00e9e de BIOPRAXIA Rennes et inscrite au Registre National d&rsquo;Aptitude (OA 1092), j&rsquo;interviens \u00e0 domicile pour vos NAC sur tout le\u2026","_links":{"self":[{"href":"https:\/\/osteoanimalier-lillion.com\/wp-json\/wp\/v2\/pages\/372","targetHints":{"allow":["GET"]}}],"collection":[{"href":"https:\/\/osteoanimalier-lillion.com\/wp-json\/wp\/v2\/pages"}],"about":[{"href":"https:\/\/osteoanimalier-lillion.com\/wp-json\/wp\/v2\/types\/page"}],"author":[{"embeddable":true,"href":"https:\/\/osteoanimalier-lillion.com\/wp-json\/wp\/v2\/users\/1"}],"replies":[{"embeddable":true,"href":"https:\/\/osteoanimalier-lillion.com\/wp-json\/wp\/v2\/comments?post=372"}],"version-history":[{"count":9,"href":"https:\/\/osteoanimalier-lillion.com\/wp-json\/wp\/v2\/pages\/372\/revisions"}],"predecessor-version":[{"id":729,"href":"https:\/\/osteoanimalier-lillion.com\/wp-json\/wp\/v2\/pages\/372\/revisions\/729"}],"wp:attachment":[{"href":"https:\/\/osteoanimalier-lillion.com\/wp-json\/wp\/v2\/media?parent=372"}],"curies":[{"name":"wp","href":"https:\/\/api.w.org\/{rel}","templated":true}]}}