{"id":368,"date":"2023-05-02T11:11:02","date_gmt":"2023-05-02T09:11:02","guid":{"rendered":"http:\/\/osteoanimalier-lillion.com\/?page_id=368"},"modified":"2026-04-13T23:31:58","modified_gmt":"2026-04-13T21:31:58","slug":"bovin","status":"publish","type":"page","link":"https:\/\/osteoanimalier-lillion.com\/bovin\/","title":{"rendered":"Ost\u00e9opathie bovine \u00b7 Grand Gen\u00e8ve et Haute-Savoie"},"content":{"rendered":"\n<p>L&rsquo;ost\u00e9opathie bovine am\u00e9liore le bien-\u00eatre et les performances de vos animaux d&rsquo;\u00e9levage. Dipl\u00f4m\u00e9e de BIOPRAXIA Rennes et inscrite au Registre National d&rsquo;Aptitude (OA 1092), j&rsquo;interviens \u00e0 domicile pour vos bovins et ovins sur le <strong>Grand Gen\u00e8ve<\/strong> et la <strong>Haute-Savoie<\/strong>.<\/p>\n\n\n\n<h2 class=\"wp-block-heading has-text-align-center\">Quand appeler l&rsquo;ost\u00e9opathe pour une vache ? <\/h2>\n\n\n\n<p class=\"has-text-align-right has-small-font-size\"><em>Liste non exhaustive<\/em><\/p>\n\n\n\n<div class=\"wp-block-columns alignwide are-vertically-aligned-center is-layout-flex wp-container-core-columns-is-layout-9d6595d7 wp-block-columns-is-layout-flex\">\n<div class=\"wp-block-column is-vertically-aligned-center is-layout-flow wp-block-column-is-layout-flow\" style=\"flex-basis:33.33%\">\n<figure class=\"wp-block-image size-large is-resized\"><img loading=\"lazy\" decoding=\"async\" width=\"683\" height=\"1024\" src=\"https:\/\/osteoanimalier-lillion.com\/wp-content\/uploads\/2023\/04\/bovino-2250139_1920-683x1024.jpg\" alt=\"\" class=\"wp-image-208\" style=\"width:343px;height:514px\" srcset=\"https:\/\/osteoanimalier-lillion.com\/wp-content\/uploads\/2023\/04\/bovino-2250139_1920-683x1024.jpg 683w, https:\/\/osteoanimalier-lillion.com\/wp-content\/uploads\/2023\/04\/bovino-2250139_1920-200x300.jpg 200w, https:\/\/osteoanimalier-lillion.com\/wp-content\/uploads\/2023\/04\/bovino-2250139_1920-768x1152.jpg 768w, https:\/\/osteoanimalier-lillion.com\/wp-content\/uploads\/2023\/04\/bovino-2250139_1920-1024x1536.jpg 1024w, https:\/\/osteoanimalier-lillion.com\/wp-content\/uploads\/2023\/04\/bovino-2250139_1920.jpg 1280w\" sizes=\"auto, (max-width: 683px) 100vw, 683px\" \/><\/figure>\n<\/div>\n\n\n\n<div class=\"wp-block-column is-vertically-aligned-center is-layout-flow wp-block-column-is-layout-flow\" style=\"flex-basis:66.66%\">\n<ul class=\"wp-block-list\">\n<li><strong>V\u00ealage difficile&nbsp;<\/strong><\/li>\n\n\n\n<li><strong>Boiterie&nbsp;<\/strong><\/li>\n\n\n\n<li><strong>Probl\u00e8mes de pieds (apr\u00e8s passage du podologue)&nbsp;<\/strong><\/li>\n\n\n\n<li><strong>Veau qui ne t\u00eate pas<\/strong><\/li>\n\n\n\n<li><strong>Probl\u00e8me de rumination&nbsp;<\/strong><\/li>\n\n\n\n<li><strong>Pr\u00e9paration \u00e0 la gestation&nbsp;<\/strong><\/li>\n\n\n\n<li><strong>Baisse de production de lait&nbsp;<\/strong><\/li>\n\n\n\n<li><strong>Veau culard&nbsp;<\/strong><\/li>\n\n\n\n<li><strong>Vache couch\u00e9e<\/strong><\/li>\n\n\n\n<li><strong>Mammite<\/strong><\/li>\n\n\n\n<li><strong>Troubles digestifs<\/strong><\/li>\n\n\n\n<li><strong>Post \u00e9cornage<\/strong><\/li>\n<\/ul>\n<\/div>\n<\/div>\n\n\n\n<h2 class=\"wp-block-heading\"><strong>Mon approche<\/strong><\/h2>\n\n\n\n<p>Je travaille en compl\u00e9mentarit\u00e9 avec votre v\u00e9t\u00e9rinaire. Si la situation d\u00e9passe mon champ de comp\u00e9tence, je vous oriente vers le bon professionnel.<\/p>\n\n\n\n<hr class=\"wp-block-separator has-alpha-channel-opacity\"\/>\n\n\n\n<h2 class=\"wp-block-heading\"><strong>Tarifs<\/strong><\/h2>\n\n\n\n<p>Tarifs sur demande selon la taille du troupeau et la distance. Tarifs d\u00e9gressifs pour les groupes \u2014 contactez-moi directement.<\/p>\n\n\n\n<p>Pour les tarifs standards \u2192 <a href=\"https:\/\/osteoanimalier-lillion.com\/france\/\">Tarifs France<\/a> \u00b7 <a href=\"https:\/\/osteoanimalier-lillion.com\/suisse\/\">Tarifs Suisse<\/a><\/p>\n\n\n\n<hr class=\"wp-block-separator has-alpha-channel-opacity\"\/>\n\n\n\n<h2 class=\"wp-block-heading has-text-align-center\" style=\"font-size:17px\"><strong>Pour plus d&rsquo;informations sur les diff\u00e9rentes esp\u00e8ces : <\/strong><\/h2>\n\n\n\n<div class=\"wp-block-buttons is-content-justification-center is-layout-flex wp-container-core-buttons-is-layout-16018d1d wp-block-buttons-is-layout-flex\">\n<div class=\"wp-block-button is-style-outline is-style-outline--1\"><a class=\"wp-block-button__link has-text-align-center has-custom-font-size wp-element-button\" href=\"https:\/\/osteoanimalier-lillion.com\/index.php\/especes\/cheval\/\" style=\"font-size:17px\">Cheval <\/a><\/div>\n\n\n\n<div class=\"wp-block-button is-style-outline is-style-outline--2\"><a class=\"wp-block-button__link has-text-align-center has-custom-font-size wp-element-button\" href=\"https:\/\/osteoanimalier-lillion.com\/index.php\/chien\/\" style=\"font-size:17px\">Chien <\/a><\/div>\n\n\n\n<div class=\"wp-block-button is-style-outline is-style-outline--3\"><a class=\"wp-block-button__link has-text-align-center has-custom-font-size wp-element-button\" href=\"https:\/\/osteoanimalier-lillion.com\/index.php\/bovin\/\" style=\"font-size:17px\">Vache<\/a><\/div>\n\n\n\n<div class=\"wp-block-button is-style-outline is-style-outline--4\"><a class=\"wp-block-button__link has-text-align-center has-custom-font-size wp-element-button\" href=\"https:\/\/osteoanimalier-lillion.com\/index.php\/chat\/\" style=\"font-size:17px\">Chat<\/a><\/div>\n\n\n\n<div class=\"wp-block-button is-style-outline is-style-outline--5\"><a class=\"wp-block-button__link has-text-align-center has-custom-font-size wp-element-button\" href=\"https:\/\/osteoanimalier-lillion.com\/index.php\/nac-nouveau-animaux-de-compagnie\/\" style=\"font-size:17px\">NAC<\/a><\/div>\n<\/div>\n\n\n\n<h2 class=\"wp-block-heading\"><strong>Prise de rendez-vous<\/strong><\/h2>\n\n\n\n<p>SMS ou WhatsApp \u2014 je r\u00e9ponds sous 24h. \ud83d\udcf2 Suisse : <a href=\"https:\/\/wa.me\/41767355044\">+41 76 735 50 44<\/a> \ud83d\udcf2 France : <a href=\"https:\/\/wa.me\/33646792997\">+33 6 46 79 29 97<\/a><\/p>\n\n\n\n<div style=\"height:100px\" aria-hidden=\"true\" class=\"wp-block-spacer\"><\/div>\n\n\n\n<div class=\"wp-block-cover alignfull\"><span aria-hidden=\"true\" class=\"wp-block-cover__background has-background-dim-100 has-background-dim\" style=\"background-color:#22221f\"><\/span><div class=\"wp-block-cover__inner-container is-layout-flow wp-block-cover-is-layout-flow\">\n<h1 class=\"wp-block-heading has-text-align-center has-medium-font-size\"><strong>Pour toutes questions n\u2019h\u00e9sitez pas \u00e0 me<\/strong> <\/h1>\n\n\n\n<div class=\"wp-block-buttons is-content-justification-center is-layout-flex wp-container-core-buttons-is-layout-16018d1d wp-block-buttons-is-layout-flex\">\n<div class=\"wp-block-button is-style-outline is-style-outline--6\"><a class=\"wp-block-button__link has-custom-font-size wp-element-button\" href=\"https:\/\/osteoanimalier-lillion.com\/index.php\/tarifs\/\" style=\"font-size:15px\">CONTACTER<\/a><\/div>\n<\/div>\n<\/div><\/div>\n","protected":false},"excerpt":{"rendered":"<p>L&rsquo;ost\u00e9opathie bovine am\u00e9liore le bien-\u00eatre et les performances de vos animaux d&rsquo;\u00e9levage. Dipl\u00f4m\u00e9e de BIOPRAXIA Rennes et inscrite au Registre National d&rsquo;Aptitude (OA 1092), j&rsquo;interviens \u00e0 domicile pour vos bovins et ovins sur le Grand Gen\u00e8ve et la Haute-Savoie. Quand appeler l&rsquo;ost\u00e9opathe pour une vache ? Liste non exhaustive Mon approche Je travaille en compl\u00e9mentarit\u00e9 &hellip; <\/p>\n<p class=\"link-more\"><a href=\"https:\/\/osteoanimalier-lillion.com\/bovin\/\" class=\"more-link\">Lire la suite de<span class=\"screen-reader-text\">\u00ab\u00a0Ost\u00e9opathie bovine \u00b7 Grand Gen\u00e8ve et Haute-Savoie\u00a0\u00bb<\/span><\/a><\/p>\n","protected":false},"author":1,"featured_media":0,"parent":0,"menu_order":0,"comment_status":"closed","ping_status":"closed","template":"","meta":{"_uag_custom_page_level_css":"","footnotes":""},"class_list":["post-368","page","type-page","status-publish","hentry"],"yoast_head":"<!-- This site is optimized with the Yoast SEO plugin v27.1.1 - https:\/\/yoast.com\/product\/yoast-seo-wordpress\/ -->\n<title>Ost\u00e9opathie bovine \u00b7 Grand Gen\u00e8ve Haute-Savoie \u00b7 Lillion Cartier - Lillion<\/title>\n<meta name=\"description\" content=\"Ost\u00e9opathie pour bovins et ovins sur le Grand Gen\u00e8ve et Haute-Savoie. V\u00ealage, production laiti\u00e8re, boiterie, suivi troupeau. Dipl\u00f4m\u00e9e BIOPRAXIA OA 1092. Devis sur demande.\" \/>\n<meta name=\"robots\" content=\"index, follow, max-snippet:-1, max-image-preview:large, max-video-preview:-1\" \/>\n<link rel=\"canonical\" href=\"https:\/\/osteoanimalier-lillion.com\/bovin\/\" \/>\n<meta property=\"og:locale\" content=\"fr_FR\" \/>\n<meta property=\"og:type\" content=\"article\" \/>\n<meta property=\"og:title\" content=\"Ost\u00e9opathie bovine \u00b7 Grand Gen\u00e8ve Haute-Savoie \u00b7 Lillion Cartier - Lillion\" \/>\n<meta property=\"og:description\" content=\"Ost\u00e9opathie pour bovins et ovins sur le Grand Gen\u00e8ve et Haute-Savoie. V\u00ealage, production laiti\u00e8re, boiterie, suivi troupeau. Dipl\u00f4m\u00e9e BIOPRAXIA OA 1092. Devis sur demande.\" \/>\n<meta property=\"og:url\" content=\"https:\/\/osteoanimalier-lillion.com\/bovin\/\" \/>\n<meta property=\"og:site_name\" content=\"Lillion\" \/>\n<meta property=\"article:publisher\" content=\"https:\/\/www.facebook.com\/profile.php?id=100092368998774\" \/>\n<meta property=\"article:modified_time\" content=\"2026-04-13T21:31:58+00:00\" \/>\n<meta property=\"og:image\" content=\"http:\/\/osteoanimalier-lillion.com\/wp-content\/uploads\/2023\/04\/bovino-2250139_1920-683x1024.jpg\" \/>\n<meta name=\"twitter:card\" content=\"summary_large_image\" \/>\n<meta name=\"twitter:label1\" content=\"Dur\u00e9e de lecture estim\u00e9e\" \/>\n\t<meta name=\"twitter:data1\" content=\"2 minutes\" \/>\n<script type=\"application\/ld+json\" class=\"yoast-schema-graph\">{\"@context\":\"https:\/\/schema.org\",\"@graph\":[{\"@type\":\"WebPage\",\"@id\":\"https:\/\/osteoanimalier-lillion.com\/bovin\/\",\"url\":\"https:\/\/osteoanimalier-lillion.com\/bovin\/\",\"name\":\"Ost\u00e9opathie bovine \u00b7 Grand Gen\u00e8ve Haute-Savoie \u00b7 Lillion Cartier - Lillion\",\"isPartOf\":{\"@id\":\"https:\/\/osteoanimalier-lillion.com\/#website\"},\"primaryImageOfPage\":{\"@id\":\"https:\/\/osteoanimalier-lillion.com\/bovin\/#primaryimage\"},\"image\":{\"@id\":\"https:\/\/osteoanimalier-lillion.com\/bovin\/#primaryimage\"},\"thumbnailUrl\":\"http:\/\/osteoanimalier-lillion.com\/wp-content\/uploads\/2023\/04\/bovino-2250139_1920-683x1024.jpg\",\"datePublished\":\"2023-05-02T09:11:02+00:00\",\"dateModified\":\"2026-04-13T21:31:58+00:00\",\"description\":\"Ost\u00e9opathie pour bovins et ovins sur le Grand Gen\u00e8ve et Haute-Savoie. V\u00ealage, production laiti\u00e8re, boiterie, suivi troupeau. Dipl\u00f4m\u00e9e BIOPRAXIA OA 1092. Devis sur demande.\",\"breadcrumb\":{\"@id\":\"https:\/\/osteoanimalier-lillion.com\/bovin\/#breadcrumb\"},\"inLanguage\":\"fr-FR\",\"potentialAction\":[{\"@type\":\"ReadAction\",\"target\":[\"https:\/\/osteoanimalier-lillion.com\/bovin\/\"]}]},{\"@type\":\"ImageObject\",\"inLanguage\":\"fr-FR\",\"@id\":\"https:\/\/osteoanimalier-lillion.com\/bovin\/#primaryimage\",\"url\":\"http:\/\/osteoanimalier-lillion.com\/wp-content\/uploads\/2023\/04\/bovino-2250139_1920-683x1024.jpg\",\"contentUrl\":\"http:\/\/osteoanimalier-lillion.com\/wp-content\/uploads\/2023\/04\/bovino-2250139_1920-683x1024.jpg\"},{\"@type\":\"BreadcrumbList\",\"@id\":\"https:\/\/osteoanimalier-lillion.com\/bovin\/#breadcrumb\",\"itemListElement\":[{\"@type\":\"ListItem\",\"position\":1,\"name\":\"Accueil\",\"item\":\"https:\/\/osteoanimalier-lillion.com\/\"},{\"@type\":\"ListItem\",\"position\":2,\"name\":\"Ost\u00e9opathie bovine \u00b7 Grand Gen\u00e8ve et Haute-Savoie\"}]},{\"@type\":\"WebSite\",\"@id\":\"https:\/\/osteoanimalier-lillion.com\/#website\",\"url\":\"https:\/\/osteoanimalier-lillion.com\/\",\"name\":\"Lillion Cartier \u00b7 Ost\u00e9opathe Animalier\",\"description\":\"Ost\u00e9opathe animalier\",\"publisher\":{\"@id\":\"https:\/\/osteoanimalier-lillion.com\/#\/schema\/person\/5b7e088e4f8ae05ecd1111439e240c3a\"},\"potentialAction\":[{\"@type\":\"SearchAction\",\"target\":{\"@type\":\"EntryPoint\",\"urlTemplate\":\"https:\/\/osteoanimalier-lillion.com\/?s={search_term_string}\"},\"query-input\":{\"@type\":\"PropertyValueSpecification\",\"valueRequired\":true,\"valueName\":\"search_term_string\"}}],\"inLanguage\":\"fr-FR\"},{\"@type\":[\"Person\",\"Organization\"],\"@id\":\"https:\/\/osteoanimalier-lillion.com\/#\/schema\/person\/5b7e088e4f8ae05ecd1111439e240c3a\",\"name\":\"admin9352\",\"image\":{\"@type\":\"ImageObject\",\"inLanguage\":\"fr-FR\",\"@id\":\"https:\/\/osteoanimalier-lillion.com\/#\/schema\/person\/image\/\",\"url\":\"https:\/\/osteoanimalier-lillion.com\/wp-content\/uploads\/2023\/04\/Extended-Cercle-Noir-Blanc.png\",\"contentUrl\":\"https:\/\/osteoanimalier-lillion.com\/wp-content\/uploads\/2023\/04\/Extended-Cercle-Noir-Blanc.png\",\"width\":601,\"height\":601,\"caption\":\"admin9352\"},\"logo\":{\"@id\":\"https:\/\/osteoanimalier-lillion.com\/#\/schema\/person\/image\/\"},\"description\":\"Lillion Cartier, ost\u00e9opathe animalier dipl\u00f4m\u00e9e de BIOPRAXIA Rennes, inscrite au Registre National d'Aptitude (OA 1092). J'interviens aupr\u00e8s de tous les animaux \u2014 cheval, chien, chat, chiot, lapin, NAC et bovins \u2014 \u00e0 domicile et en \u00e9curie dans le Canton de Gen\u00e8ve, le Canton de Vaud, la Haute-Savoie (74) et l'Ain (01). Mon approche est globale, douce et respectueuse de chaque animal.\",\"sameAs\":[\"http:\/\/osteoanimalier-lillion.com\",\"https:\/\/www.facebook.com\/profile.php?id=100092368998774\",\"https:\/\/www.instagram.com\/osteoanimalier_lillion\/\",\"https:\/\/www.linkedin.com\/in\/lillion-cartier-5ab088202\/\"]}]}<\/script>\n<!-- \/ Yoast SEO plugin. -->","yoast_head_json":{"title":"Ost\u00e9opathie bovine \u00b7 Grand Gen\u00e8ve Haute-Savoie \u00b7 Lillion Cartier - Lillion","description":"Ost\u00e9opathie pour bovins et ovins sur le Grand Gen\u00e8ve et Haute-Savoie. V\u00ealage, production laiti\u00e8re, boiterie, suivi troupeau. Dipl\u00f4m\u00e9e BIOPRAXIA OA 1092. Devis sur demande.","robots":{"index":"index","follow":"follow","max-snippet":"max-snippet:-1","max-image-preview":"max-image-preview:large","max-video-preview":"max-video-preview:-1"},"canonical":"https:\/\/osteoanimalier-lillion.com\/bovin\/","og_locale":"fr_FR","og_type":"article","og_title":"Ost\u00e9opathie bovine \u00b7 Grand Gen\u00e8ve Haute-Savoie \u00b7 Lillion Cartier - Lillion","og_description":"Ost\u00e9opathie pour bovins et ovins sur le Grand Gen\u00e8ve et Haute-Savoie. V\u00ealage, production laiti\u00e8re, boiterie, suivi troupeau. Dipl\u00f4m\u00e9e BIOPRAXIA OA 1092. Devis sur demande.","og_url":"https:\/\/osteoanimalier-lillion.com\/bovin\/","og_site_name":"Lillion","article_publisher":"https:\/\/www.facebook.com\/profile.php?id=100092368998774","article_modified_time":"2026-04-13T21:31:58+00:00","og_image":[{"url":"http:\/\/osteoanimalier-lillion.com\/wp-content\/uploads\/2023\/04\/bovino-2250139_1920-683x1024.jpg","type":"","width":"","height":""}],"twitter_card":"summary_large_image","twitter_misc":{"Dur\u00e9e de lecture estim\u00e9e":"2 minutes"},"schema":{"@context":"https:\/\/schema.org","@graph":[{"@type":"WebPage","@id":"https:\/\/osteoanimalier-lillion.com\/bovin\/","url":"https:\/\/osteoanimalier-lillion.com\/bovin\/","name":"Ost\u00e9opathie bovine \u00b7 Grand Gen\u00e8ve Haute-Savoie \u00b7 Lillion Cartier - Lillion","isPartOf":{"@id":"https:\/\/osteoanimalier-lillion.com\/#website"},"primaryImageOfPage":{"@id":"https:\/\/osteoanimalier-lillion.com\/bovin\/#primaryimage"},"image":{"@id":"https:\/\/osteoanimalier-lillion.com\/bovin\/#primaryimage"},"thumbnailUrl":"http:\/\/osteoanimalier-lillion.com\/wp-content\/uploads\/2023\/04\/bovino-2250139_1920-683x1024.jpg","datePublished":"2023-05-02T09:11:02+00:00","dateModified":"2026-04-13T21:31:58+00:00","description":"Ost\u00e9opathie pour bovins et ovins sur le Grand Gen\u00e8ve et Haute-Savoie. V\u00ealage, production laiti\u00e8re, boiterie, suivi troupeau. Dipl\u00f4m\u00e9e BIOPRAXIA OA 1092. Devis sur demande.","breadcrumb":{"@id":"https:\/\/osteoanimalier-lillion.com\/bovin\/#breadcrumb"},"inLanguage":"fr-FR","potentialAction":[{"@type":"ReadAction","target":["https:\/\/osteoanimalier-lillion.com\/bovin\/"]}]},{"@type":"ImageObject","inLanguage":"fr-FR","@id":"https:\/\/osteoanimalier-lillion.com\/bovin\/#primaryimage","url":"http:\/\/osteoanimalier-lillion.com\/wp-content\/uploads\/2023\/04\/bovino-2250139_1920-683x1024.jpg","contentUrl":"http:\/\/osteoanimalier-lillion.com\/wp-content\/uploads\/2023\/04\/bovino-2250139_1920-683x1024.jpg"},{"@type":"BreadcrumbList","@id":"https:\/\/osteoanimalier-lillion.com\/bovin\/#breadcrumb","itemListElement":[{"@type":"ListItem","position":1,"name":"Accueil","item":"https:\/\/osteoanimalier-lillion.com\/"},{"@type":"ListItem","position":2,"name":"Ost\u00e9opathie bovine \u00b7 Grand Gen\u00e8ve et Haute-Savoie"}]},{"@type":"WebSite","@id":"https:\/\/osteoanimalier-lillion.com\/#website","url":"https:\/\/osteoanimalier-lillion.com\/","name":"Lillion Cartier \u00b7 Ost\u00e9opathe Animalier","description":"Ost\u00e9opathe animalier","publisher":{"@id":"https:\/\/osteoanimalier-lillion.com\/#\/schema\/person\/5b7e088e4f8ae05ecd1111439e240c3a"},"potentialAction":[{"@type":"SearchAction","target":{"@type":"EntryPoint","urlTemplate":"https:\/\/osteoanimalier-lillion.com\/?s={search_term_string}"},"query-input":{"@type":"PropertyValueSpecification","valueRequired":true,"valueName":"search_term_string"}}],"inLanguage":"fr-FR"},{"@type":["Person","Organization"],"@id":"https:\/\/osteoanimalier-lillion.com\/#\/schema\/person\/5b7e088e4f8ae05ecd1111439e240c3a","name":"admin9352","image":{"@type":"ImageObject","inLanguage":"fr-FR","@id":"https:\/\/osteoanimalier-lillion.com\/#\/schema\/person\/image\/","url":"https:\/\/osteoanimalier-lillion.com\/wp-content\/uploads\/2023\/04\/Extended-Cercle-Noir-Blanc.png","contentUrl":"https:\/\/osteoanimalier-lillion.com\/wp-content\/uploads\/2023\/04\/Extended-Cercle-Noir-Blanc.png","width":601,"height":601,"caption":"admin9352"},"logo":{"@id":"https:\/\/osteoanimalier-lillion.com\/#\/schema\/person\/image\/"},"description":"Lillion Cartier, ost\u00e9opathe animalier dipl\u00f4m\u00e9e de BIOPRAXIA Rennes, inscrite au Registre National d'Aptitude (OA 1092). J'interviens aupr\u00e8s de tous les animaux \u2014 cheval, chien, chat, chiot, lapin, NAC et bovins \u2014 \u00e0 domicile et en \u00e9curie dans le Canton de Gen\u00e8ve, le Canton de Vaud, la Haute-Savoie (74) et l'Ain (01). Mon approche est globale, douce et respectueuse de chaque animal.","sameAs":["http:\/\/osteoanimalier-lillion.com","https:\/\/www.facebook.com\/profile.php?id=100092368998774","https:\/\/www.instagram.com\/osteoanimalier_lillion\/","https:\/\/www.linkedin.com\/in\/lillion-cartier-5ab088202\/"]}]}},"uagb_featured_image_src":{"full":false,"thumbnail":false,"medium":false,"medium_large":false,"large":false,"1536x1536":false,"2048x2048":false,"inspiro-featured-image":false,"inspiro-loop":false,"inspiro-loop@2x":false},"uagb_author_info":{"display_name":"admin9352","author_link":"https:\/\/osteoanimalier-lillion.com\/author\/admin9352\/"},"uagb_comment_info":0,"uagb_excerpt":"L&rsquo;ost\u00e9opathie bovine am\u00e9liore le bien-\u00eatre et les performances de vos animaux d&rsquo;\u00e9levage. Dipl\u00f4m\u00e9e de BIOPRAXIA Rennes et inscrite au Registre National d&rsquo;Aptitude (OA 1092), j&rsquo;interviens \u00e0 domicile pour vos bovins et ovins sur le Grand Gen\u00e8ve et la Haute-Savoie. Quand appeler l&rsquo;ost\u00e9opathe pour une vache ? Liste non exhaustive Mon approche Je travaille en compl\u00e9mentarit\u00e9\u2026","_links":{"self":[{"href":"https:\/\/osteoanimalier-lillion.com\/wp-json\/wp\/v2\/pages\/368","targetHints":{"allow":["GET"]}}],"collection":[{"href":"https:\/\/osteoanimalier-lillion.com\/wp-json\/wp\/v2\/pages"}],"about":[{"href":"https:\/\/osteoanimalier-lillion.com\/wp-json\/wp\/v2\/types\/page"}],"author":[{"embeddable":true,"href":"https:\/\/osteoanimalier-lillion.com\/wp-json\/wp\/v2\/users\/1"}],"replies":[{"embeddable":true,"href":"https:\/\/osteoanimalier-lillion.com\/wp-json\/wp\/v2\/comments?post=368"}],"version-history":[{"count":7,"href":"https:\/\/osteoanimalier-lillion.com\/wp-json\/wp\/v2\/pages\/368\/revisions"}],"predecessor-version":[{"id":753,"href":"https:\/\/osteoanimalier-lillion.com\/wp-json\/wp\/v2\/pages\/368\/revisions\/753"}],"wp:attachment":[{"href":"https:\/\/osteoanimalier-lillion.com\/wp-json\/wp\/v2\/media?parent=368"}],"curies":[{"name":"wp","href":"https:\/\/api.w.org\/{rel}","templated":true}]}}